{"id":30465,"date":"2026-01-19T13:59:53","date_gmt":"2026-01-19T11:59:53","guid":{"rendered":"https:\/\/epsglobal.eu\/?page_id=30465"},"modified":"2026-01-19T18:50:53","modified_gmt":"2026-01-19T16:50:53","slug":"for_partners","status":"publish","type":"page","link":"https:\/\/epsglobal.eu\/hu\/for_partners","title":{"rendered":"For Partners"},"content":{"rendered":"<p>[et_pb_section fb_built=&#8221;1&#8243; admin_label=&#8221;section&#8221; _builder_version=&#8221;4.16&#8243; global_colors_info=&#8221;{}&#8221;][et_pb_row admin_label=&#8221;row&#8221; _builder_version=&#8221;4.16&#8243; background_size=&#8221;initial&#8221; background_position=&#8221;top_left&#8221; background_repeat=&#8221;repeat&#8221; global_colors_info=&#8221;{}&#8221;][et_pb_column type=&#8221;4_4&#8243; _builder_version=&#8221;4.16&#8243; custom_padding=&#8221;|||&#8221; global_colors_info=&#8221;{}&#8221; custom_padding__hover=&#8221;|||&#8221;][et_pb_text admin_label=&#8221;Text&#8221; _builder_version=&#8221;4.27.4&#8243; background_size=&#8221;initial&#8221; background_position=&#8221;top_left&#8221; background_repeat=&#8221;repeat&#8221; hover_enabled=&#8221;0&#8243; global_colors_info=&#8221;{}&#8221; sticky_enabled=&#8221;0&#8243;]<\/p>\n<h3>\u00a0<\/h3>\n<h4>Documentation for partners available upon request:<\/h4>\n<p>&nbsp;<\/p>\n<p><a href=\"https:\/\/epsglobal.eu\/datasheets\/EPS-ExT001b.pdf\" target=\"_blank\" rel=\"noopener\">EPS-ExT001b Series datasheet<\/a><\/p>\n<p class=\"p1\"><a href=\"https:\/\/epsglobal.eu\/datasheets\/EPS-BAR001-PRO.pdf\" target=\"_blank\" rel=\"noopener\">EPS-BAR001-PRO Series datasheet<\/a><\/p>\n<p>&nbsp;<\/p>\n<p>[\/et_pb_text][\/et_pb_column][\/et_pb_row][\/et_pb_section][et_pb_section fb_built=&#8221;1&#8243; specialty=&#8221;on&#8221; parallax_method_1=&#8221;off&#8221; parallax_method_2=&#8221;off&#8221; admin_label=&#8221;Section&#8221; _builder_version=&#8221;4.16&#8243; background_color=&#8221;#2b2c2a&#8221; custom_padding=&#8221;5px||5px|&#8221; global_module=&#8221;28907&#8243; collapsed=&#8221;off&#8221; global_colors_info=&#8221;{}&#8221;][et_pb_column type=&#8221;1_3&#8243; _builder_version=&#8221;4.16&#8243; custom_padding=&#8221;|||&#8221; global_colors_info=&#8221;{}&#8221; custom_padding__hover=&#8221;|||&#8221;][et_pb_code admin_label=&#8221;eps-footer-logo&#8221; _builder_version=&#8221;4.16&#8243; custom_css_main_element=&#8221;border-bottom: 1px solid #444;||margin-bottom:10px!important;&#8221; custom_css_after=&#8221;||&#8221; global_colors_info=&#8221;{}&#8221;]<img loading=\"lazy\" decoding=\"async\" src=\"\/wp-content\/uploads\/2017\/04\/eps-global-logo-white-vector.svg\" width=\"150\" height=\"54\"\/>[\/et_pb_code][et_pb_blurb url=&#8221;#&#8221; use_icon=&#8221;on&#8221; font_icon=&#8221;&#xe01d;||divi||400&#8243; icon_color=&#8221;#939393&#8243; icon_placement=&#8221;left&#8221; image_icon_width=&#8221;26px&#8221; _builder_version=&#8221;4.23.1&#8243; body_font=&#8221;Open Sans||||&#8221; body_text_color=&#8221;#a3a3a3&#8243; body_line_height=&#8221;1.3em&#8221; background_layout=&#8221;dark&#8221; custom_css_main_element=&#8221;margin-bottom:10px!important;&#8221; icon_font_size=&#8221;26px&#8221; global_colors_info=&#8221;{}&#8221;]<\/p>\n<p class=\"MsoNormal\" style=\"text-align: justify; text-justify: inter-ideograph;\"><span lang=\"EN-US\"><span>Bornemissza t\u00e9r 12. C.<\/span><\/span><\/p>\n<p class=\"MsoNormal\" style=\"text-align: justify; text-justify: inter-ideograph;\"><span lang=\"EN-US\"><span>1119 <\/span>Budapest, Hungary<\/span><\/p>\n<p>[\/et_pb_blurb][et_pb_blurb url_new_window=&#8221;on&#8221; use_icon=&#8221;on&#8221; font_icon=&#8221;&#xe010;||divi||400&#8243; icon_color=&#8221;#939393&#8243; icon_placement=&#8221;left&#8221; image_icon_width=&#8221;26px&#8221; _builder_version=&#8221;4.16&#8243; body_font=&#8221;Open Sans||||&#8221; body_text_color=&#8221;#ffffff&#8221; body_line_height=&#8221;1.4em&#8221; background_size=&#8221;initial&#8221; background_position=&#8221;top_left&#8221; background_repeat=&#8221;repeat&#8221; background_layout=&#8221;dark&#8221; custom_margin=&#8221;||0px|&#8221; custom_padding=&#8221;||15px|&#8221; icon_font_size=&#8221;26px&#8221; global_colors_info=&#8221;{}&#8221;]<\/p>\n<p><a class=\"eps-footer-link\" href=\"mailto:info@epsglobal.eu\">info@epsglobal.eu<\/a><\/p>\n<p>[\/et_pb_blurb][\/et_pb_column][et_pb_column type=&#8221;2_3&#8243; specialty_columns=&#8221;2&#8243; _builder_version=&#8221;4.16&#8243; custom_padding=&#8221;|||&#8221; global_colors_info=&#8221;{}&#8221; custom_padding__hover=&#8221;|||&#8221;][et_pb_row_inner padding_mobile=&#8221;off&#8221; admin_label=&#8221;Row&#8221; _builder_version=&#8221;4.16&#8243; custom_css_main_element=&#8221;border-left:1px solid #333&#8243; global_colors_info=&#8221;{}&#8221;][et_pb_column_inner saved_specialty_column_type=&#8221;2_3&#8243; _builder_version=&#8221;4.16&#8243; custom_padding=&#8221;26px|10px|10px|10px&#8221; global_colors_info=&#8221;{}&#8221; custom_padding__hover=&#8221;|||&#8221;][et_pb_code admin_label=&#8221;K\u00f3d&#8221; _builder_version=&#8221;4.27.4&#8243; global_colors_info=&#8221;{}&#8221;]<\/p>\n<h3 class=\"eps-footer-w-t translation-block\"><span style=\"font-size: 85%\">Szolg\u00e1ltat\u00e1saink<\/span><\/h3>\n<p><!-- [et_pb_line_break_holder] --><\/p>\n<ul class=\"eps-footer-menu\"><!-- [et_pb_line_break_holder] --><\/p>\n<li><a href=\"\/hu\/szolgaltatasok\/okos-parkolas-menedzsment-rendszer\/\">INTELLIGENS PARKOL\u00c1S MENEDZSMENT RENDSZER<\/a><\/li>\n<p><!-- [et_pb_line_break_holder] --><\/p>\n<li><a href=\"\/hu\/szolgaltatasok\/integralt-parkolasi-megoldas\/\">INTEGR\u00c1LT PARKOL\u00c1SI MEGOLD\u00c1S<\/a><\/li>\n<p><!-- [et_pb_line_break_holder] --><\/p>\n<li><a href=\"\/hu\/szolgaltatasok\/parkolasi-megvalosithatosagi-tanulmany\/\">MEGVAL\u00d3S\u00cdTHAT\u00d3S\u00c1GI TANULM\u00c1NYOK<\/a><\/li>\n<p><!-- [et_pb_line_break_holder] --><\/p>\n<li><a href=\"\/hu\/szolgaltatasok\/okos-varos-projekt-tanacsadas\/\">SZAKTAN\u00c1CSAD\u00c1S INTELLIGENS V\u00c1ROS PROJEKTEKHEZ<\/a><\/li>\n<p><!-- [et_pb_line_break_holder] --><\/p>\n<li><a href=\"\/hu\/szolgaltatasok\/parkolasi-projekt-teljeskoru-tamogatas\/\">TELJESK\u00d6R\u0170 T\u00c1MOGAT\u00c1S \u00daJ PROJEKTEKHEZ<\/a><\/li>\n<p><!-- [et_pb_line_break_holder] --><\/p>\n<li><a href=\"\/hu\/for_partners\/\">FOR PARTNERS<\/a><\/li>\n<p><!-- [et_pb_line_break_holder] --><\/ul>\n<p>[\/et_pb_code][\/et_pb_column_inner][\/et_pb_row_inner][\/et_pb_column][\/et_pb_section]<\/p>","protected":false},"excerpt":{"rendered":"<p>\u00a0 Documentation for partners available upon request: &nbsp; EPS-ExT001b Series datasheet EPS-BAR001-PRO Series datasheet &nbsp;Bornemissza t\u00e9r 12. C. 1119 Budapest, Hungaryinfo@epsglobal.eu<\/p>","protected":false},"author":2,"featured_media":0,"parent":0,"menu_order":0,"comment_status":"closed","ping_status":"closed","template":"","meta":{"_et_pb_use_builder":"on","_et_pb_old_content":"<h3><\/h3>\r\n<h4>Technical documentation for the Cypriot project:<\/h4>\r\n\u00a0\r\n\r\n<a href=\"https:\/\/epsglobal.eu\/datasheets\/EPS-ExT001b.pdf\" target=\"_blank\" rel=\"noopener\">EPS-ExT001b Series datasheet<\/a>\r\n<p class=\"p1\"><a href=\"https:\/\/epsglobal.eu\/datasheets\/EPS-BAR001-PRO.pdf\" target=\"_blank\" rel=\"noopener\">EPS-BAR001-PRO Series datasheet<\/a><\/p>\r\n\u00a0","_et_gb_content_width":"","content-type":"","_monsterinsights_skip_tracking":false,"_monsterinsights_sitenote_active":false,"_monsterinsights_sitenote_note":"","_monsterinsights_sitenote_category":0,"footnotes":""},"class_list":["post-30465","page","type-page","status-publish","hentry"],"yoast_head":"<!-- This site is optimized with the Yoast SEO plugin v26.2 - https:\/\/yoast.com\/wordpress\/plugins\/seo\/ -->\n<title>For Partners - EPS Global<\/title>\n<meta name=\"robots\" content=\"index, follow, max-snippet:-1, max-image-preview:large, max-video-preview:-1\" \/>\n<link rel=\"canonical\" href=\"https:\/\/epsglobal.eu\/hu\/for_partners\" \/>\n<meta property=\"og:locale\" content=\"hu_HU\" \/>\n<meta property=\"og:type\" content=\"article\" \/>\n<meta property=\"og:title\" content=\"For Partners - EPS Global\" \/>\n<meta property=\"og:description\" content=\"\u00a0 Documentation for partners available upon request: &nbsp; EPS-ExT001b Series datasheet EPS-BAR001-PRO Series datasheet &nbsp;Bornemissza t\u00e9r 12. C. 1119 Budapest, Hungaryinfo@epsglobal.eu\" \/>\n<meta property=\"og:url\" content=\"https:\/\/epsglobal.eu\/hu\/for_partners\" \/>\n<meta property=\"og:site_name\" content=\"EPS Global\" \/>\n<meta property=\"article:modified_time\" content=\"2026-01-19T16:50:53+00:00\" \/>\n<meta name=\"twitter:card\" content=\"summary_large_image\" \/>\n<meta name=\"twitter:label1\" content=\"Becs\u00fclt olvas\u00e1si id\u0151\" \/>\n\t<meta name=\"twitter:data1\" content=\"1 perc\" \/>\n<script type=\"application\/ld+json\" class=\"yoast-schema-graph\">{\"@context\":\"https:\/\/schema.org\",\"@graph\":[{\"@type\":\"WebPage\",\"@id\":\"https:\/\/epsglobal.eu\/for_partners\",\"url\":\"https:\/\/epsglobal.eu\/for_partners\",\"name\":\"For Partners - EPS Global\",\"isPartOf\":{\"@id\":\"https:\/\/epsglobal.eu\/#website\"},\"datePublished\":\"2026-01-19T11:59:53+00:00\",\"dateModified\":\"2026-01-19T16:50:53+00:00\",\"breadcrumb\":{\"@id\":\"https:\/\/epsglobal.eu\/for_partners#breadcrumb\"},\"inLanguage\":\"hu\",\"potentialAction\":[{\"@type\":\"ReadAction\",\"target\":[\"https:\/\/epsglobal.eu\/for_partners\"]}]},{\"@type\":\"BreadcrumbList\",\"@id\":\"https:\/\/epsglobal.eu\/for_partners#breadcrumb\",\"itemListElement\":[{\"@type\":\"ListItem\",\"position\":1,\"name\":\"Home\",\"item\":\"https:\/\/epsglobal.eu\/\"},{\"@type\":\"ListItem\",\"position\":2,\"name\":\"For Partners\"}]},{\"@type\":\"WebSite\",\"@id\":\"https:\/\/epsglobal.eu\/#website\",\"url\":\"https:\/\/epsglobal.eu\/\",\"name\":\"EPS Global\",\"description\":\"Innovative Smart Parking Solutions\",\"publisher\":{\"@id\":\"https:\/\/epsglobal.eu\/#organization\"},\"potentialAction\":[{\"@type\":\"SearchAction\",\"target\":{\"@type\":\"EntryPoint\",\"urlTemplate\":\"https:\/\/epsglobal.eu\/?s={search_term_string}\"},\"query-input\":{\"@type\":\"PropertyValueSpecification\",\"valueRequired\":true,\"valueName\":\"search_term_string\"}}],\"inLanguage\":\"hu\"},{\"@type\":\"Organization\",\"@id\":\"https:\/\/epsglobal.eu\/#organization\",\"name\":\"EPS Global\",\"url\":\"https:\/\/epsglobal.eu\/\",\"logo\":{\"@type\":\"ImageObject\",\"inLanguage\":\"hu\",\"@id\":\"https:\/\/epsglobal.eu\/#\/schema\/logo\/image\/\",\"url\":\"https:\/\/epsglobal.eu\/wp-content\/uploads\/2017\/04\/eps-global-logo-256x90-transparent.png\",\"contentUrl\":\"https:\/\/epsglobal.eu\/wp-content\/uploads\/2017\/04\/eps-global-logo-256x90-transparent.png\",\"width\":256,\"height\":90,\"caption\":\"EPS Global\"},\"image\":{\"@id\":\"https:\/\/epsglobal.eu\/#\/schema\/logo\/image\/\"},\"sameAs\":[\"https:\/\/linkedin.com\/company\/epsglobalzrt\"]}]}<\/script>\n<!-- \/ Yoast SEO plugin. -->","yoast_head_json":{"title":"For Partners - EPS Global","robots":{"index":"index","follow":"follow","max-snippet":"max-snippet:-1","max-image-preview":"max-image-preview:large","max-video-preview":"max-video-preview:-1"},"canonical":"https:\/\/epsglobal.eu\/hu\/for_partners","og_locale":"hu_HU","og_type":"article","og_title":"For Partners - EPS Global","og_description":"\u00a0 Documentation for partners available upon request: &nbsp; EPS-ExT001b Series datasheet EPS-BAR001-PRO Series datasheet &nbsp;Bornemissza t\u00e9r 12. C. 1119 Budapest, Hungaryinfo@epsglobal.eu","og_url":"https:\/\/epsglobal.eu\/hu\/for_partners","og_site_name":"EPS Global","article_modified_time":"2026-01-19T16:50:53+00:00","twitter_card":"summary_large_image","twitter_misc":{"Becs\u00fclt olvas\u00e1si id\u0151":"1 perc"},"schema":{"@context":"https:\/\/schema.org","@graph":[{"@type":"WebPage","@id":"https:\/\/epsglobal.eu\/for_partners","url":"https:\/\/epsglobal.eu\/for_partners","name":"For Partners - EPS Global","isPartOf":{"@id":"https:\/\/epsglobal.eu\/#website"},"datePublished":"2026-01-19T11:59:53+00:00","dateModified":"2026-01-19T16:50:53+00:00","breadcrumb":{"@id":"https:\/\/epsglobal.eu\/for_partners#breadcrumb"},"inLanguage":"hu","potentialAction":[{"@type":"ReadAction","target":["https:\/\/epsglobal.eu\/for_partners"]}]},{"@type":"BreadcrumbList","@id":"https:\/\/epsglobal.eu\/for_partners#breadcrumb","itemListElement":[{"@type":"ListItem","position":1,"name":"Home","item":"https:\/\/epsglobal.eu\/"},{"@type":"ListItem","position":2,"name":"For Partners"}]},{"@type":"WebSite","@id":"https:\/\/epsglobal.eu\/#website","url":"https:\/\/epsglobal.eu\/","name":"EPS Global","description":"Innovative Smart Parking Solutions","publisher":{"@id":"https:\/\/epsglobal.eu\/#organization"},"potentialAction":[{"@type":"SearchAction","target":{"@type":"EntryPoint","urlTemplate":"https:\/\/epsglobal.eu\/?s={search_term_string}"},"query-input":{"@type":"PropertyValueSpecification","valueRequired":true,"valueName":"search_term_string"}}],"inLanguage":"hu"},{"@type":"Organization","@id":"https:\/\/epsglobal.eu\/#organization","name":"EPS Global","url":"https:\/\/epsglobal.eu\/","logo":{"@type":"ImageObject","inLanguage":"hu","@id":"https:\/\/epsglobal.eu\/#\/schema\/logo\/image\/","url":"https:\/\/epsglobal.eu\/wp-content\/uploads\/2017\/04\/eps-global-logo-256x90-transparent.png","contentUrl":"https:\/\/epsglobal.eu\/wp-content\/uploads\/2017\/04\/eps-global-logo-256x90-transparent.png","width":256,"height":90,"caption":"EPS Global"},"image":{"@id":"https:\/\/epsglobal.eu\/#\/schema\/logo\/image\/"},"sameAs":["https:\/\/linkedin.com\/company\/epsglobalzrt"]}]}},"_links":{"self":[{"href":"https:\/\/epsglobal.eu\/hu\/wp-json\/wp\/v2\/pages\/30465","targetHints":{"allow":["GET"]}}],"collection":[{"href":"https:\/\/epsglobal.eu\/hu\/wp-json\/wp\/v2\/pages"}],"about":[{"href":"https:\/\/epsglobal.eu\/hu\/wp-json\/wp\/v2\/types\/page"}],"author":[{"embeddable":true,"href":"https:\/\/epsglobal.eu\/hu\/wp-json\/wp\/v2\/users\/2"}],"replies":[{"embeddable":true,"href":"https:\/\/epsglobal.eu\/hu\/wp-json\/wp\/v2\/comments?post=30465"}],"version-history":[{"count":6,"href":"https:\/\/epsglobal.eu\/hu\/wp-json\/wp\/v2\/pages\/30465\/revisions"}],"predecessor-version":[{"id":30477,"href":"https:\/\/epsglobal.eu\/hu\/wp-json\/wp\/v2\/pages\/30465\/revisions\/30477"}],"wp:attachment":[{"href":"https:\/\/epsglobal.eu\/hu\/wp-json\/wp\/v2\/media?parent=30465"}],"curies":[{"name":"wp","href":"https:\/\/api.w.org\/{rel}","templated":true}]}}