{"id":28926,"date":"2017-04-20T13:55:04","date_gmt":"2017-04-20T11:55:04","guid":{"rendered":"http:\/\/test.bfdesign.hu\/?page_id=28926"},"modified":"2017-08-10T14:33:31","modified_gmt":"2017-08-10T12:33:31","slug":"umfassende-unterstutzung-neue-projekte","status":"publish","type":"page","link":"https:\/\/epsglobal.eu\/de\/dienstleistungen\/umfassende-unterstutzung-neue-projekte","title":{"rendered":"Umfassende Unterst\u00fctzung f\u00fcr Neue Projekte"},"content":{"rendered":"<p>[et_pb_section fb_built=&#8221;1&#8243; background_color=&#8221;#0c0c0c&#8221; padding_mobile=&#8221;off&#8221; admin_label=&#8221;Section&#8221; module_id=&#8221;dotover&#8221; _builder_version=&#8221;3.0.50&#8243; background_image=&#8221;http:\/\/epsglobal.eu\/wp-content\/uploads\/2017\/05\/complete-support-prllx-bg.jpg&#8221; parallax=&#8221;on&#8221; parallax_method=&#8221;off&#8221; custom_css_after=&#8221;content: %22%22;||background: url(&#8216;\/wp-content\/uploads\/2017\/04\/texture.png&#8217;) repeat;||top: 0;||left: 0;||bottom: 0;||right: 0;||position: absolute;||z-index: 1;||&#8221; collapsed=&#8221;off&#8221;][et_pb_row custom_padding=&#8221;7%||4%|&#8221; padding_mobile=&#8221;off&#8221; column_padding_mobile=&#8221;on&#8221; parallax_method_1=&#8221;off&#8221; admin_label=&#8221;Row&#8221; _builder_version=&#8221;3.0.47&#8243; background_size=&#8221;initial&#8221; background_position=&#8221;top_left&#8221; background_repeat=&#8221;repeat&#8221;][et_pb_column type=&#8221;1_2&#8243; _builder_version=&#8221;3.0.47&#8243; column_padding_mobile=&#8221;on&#8221; parallax=&#8221;off&#8221; parallax_method=&#8221;off&#8221;][et_pb_cta use_background_color=&#8221;off&#8221; text_orientation=&#8221;left&#8221; admin_label=&#8221;OUR SERVICES&#8221; module_id=&#8221;toptext&#8221; _builder_version=&#8221;3.0.47&#8243; header_font=&#8221;Open Sans|||on|&#8221; header_font_size=&#8221;40px&#8221; header_font_size_tablet=&#8221;40&#8243; header_font_size_phone=&#8221;30&#8243; header_font_size_last_edited=&#8221;on|desktop&#8221; header_text_color=&#8221;#ffffff&#8221; body_font=&#8221;Open Sans||||&#8221; body_font_size=&#8221;18&#8243; body_text_color=&#8221;#ffffff&#8221; body_line_height=&#8221;1.5em&#8221; background_size=&#8221;initial&#8221; background_position=&#8221;top_left&#8221; background_repeat=&#8221;repeat&#8221; custom_css_main_element=&#8221;position: relative; z-index: 10;&#8221; custom_css_promo_title=&#8221;font-weight:800;&#8221;]<\/p>\n<h2><span style=\"color: #0397d5;\">UMFASSENDE UNTERST\u00dcTZUNG<\/span>  F\u00dcR NEUE PROJEKTE<\/h2>\n<p>[\/et_pb_cta][\/et_pb_column][et_pb_column type=&#8221;1_2&#8243; _builder_version=&#8221;3.0.47&#8243; column_padding_mobile=&#8221;on&#8221; parallax=&#8221;off&#8221; parallax_method=&#8221;on&#8221;][\/et_pb_column][\/et_pb_row][\/et_pb_section][et_pb_section fb_built=&#8221;1&#8243; admin_label=&#8221;Section&#8221; _builder_version=&#8221;3.0.47&#8243; collapsed=&#8221;on&#8221;][et_pb_row custom_padding=&#8221;27px|0px|27px|0px&#8221; column_padding_mobile=&#8221;on&#8221; parallax_method_1=&#8221;off&#8221; parallax_method_2=&#8221;off&#8221; parallax_method_3=&#8221;off&#8221; admin_label=&#8221;Row&#8221; _builder_version=&#8221;3.0.47&#8243; background_size=&#8221;initial&#8221; background_position=&#8221;top_left&#8221; background_repeat=&#8221;repeat&#8221;][et_pb_column type=&#8221;1_2&#8243; _builder_version=&#8221;3.0.47&#8243; column_padding_mobile=&#8221;on&#8221; parallax=&#8221;off&#8221; parallax_method=&#8221;off&#8221;][et_pb_cta use_background_color=&#8221;off&#8221; background_layout=&#8221;light&#8221; text_orientation=&#8221;left&#8221; admin_label=&#8221;Our Services 2&#8243; _builder_version=&#8221;3.0.47&#8243; header_font=&#8221;Open Sans|||on|&#8221; header_font_size=&#8221;36px&#8221; header_font_size_tablet=&#8221;36&#8243; header_font_size_phone=&#8221;30&#8243; header_font_size_last_edited=&#8221;on|desktop&#8221; header_text_color=&#8221;#494949&#8243; body_font=&#8221;Open Sans||||&#8221; body_font_size=&#8221;16&#8243; body_text_color=&#8221;#666666&#8243; body_line_height=&#8221;1.5em&#8221; background_size=&#8221;initial&#8221; background_position=&#8221;top_left&#8221; background_repeat=&#8221;repeat&#8221; custom_margin=&#8221;||0px|&#8221; custom_padding=&#8221;||0px|&#8221; custom_button=&#8221;on&#8221; button_text_size=&#8221;17&#8243; button_text_color=&#8221;#fcbf00&#8243; button_bg_color=&#8221;#2b2c2a&#8221; button_border_color=&#8221;#2b2c2a&#8221; button_border_radius=&#8221;0&#8243; button_letter_spacing=&#8221;2&#8243; button_font=&#8221;Oswald|||on|&#8221; button_use_icon=&#8221;on&#8221; button_icon=&#8221;%%24%%&#8221; button_text_color_hover=&#8221;#2b2c2a&#8221; button_bg_color_hover=&#8221;rgba(0,0,0,0)&#8221; button_border_color_hover=&#8221;#2b2c2a&#8221; button_border_radius_hover=&#8221;0&#8243; button_letter_spacing_hover=&#8221;2&#8243; custom_css_promo_title=&#8221;font-weight:800;&#8221;]<\/p>\n<h2 class=\"translation-block\">WAS SIND DIE ZIELE <span style=\"color: #0397d5\">MEINES VERKEHRSMANAGEMENT-PROJEKTS<\/span>?<\/h2>\n<p><em><strong>Wie viel Zeit brauche ich, um es zu realisieren? Wie werde ich das Budget einhalten k\u00f6nnen? Was sind die wichtigsten Ergebnisse? Wer ist im Projektteam, und welche Rolle werden sie bei diesen Ergebnissen spielen?<\/strong><\/em><\/p>\n<p>[\/et_pb_cta][\/et_pb_column][et_pb_column type=&#8221;1_2&#8243; _builder_version=&#8221;3.0.47&#8243; column_padding_mobile=&#8221;on&#8221; parallax=&#8221;off&#8221; parallax_method=&#8221;off&#8221;][et_pb_cta use_background_color=&#8221;off&#8221; background_layout=&#8221;light&#8221; text_orientation=&#8221;left&#8221; admin_label=&#8221;service 1 &#8221; module_id=&#8221;toptext&#8221; _builder_version=&#8221;3.0.47&#8243; header_font_size=&#8221;38&#8243; header_font_size_tablet=&#8221;34&#8243; header_font_size_phone=&#8221;30&#8243; header_font_size_last_edited=&#8221;on|tablet&#8221; body_font=&#8221;Open Sans||||&#8221; body_font_size=&#8221;16&#8243; body_text_color=&#8221;#666666&#8243; body_line_height=&#8221;1.5em&#8221; background_size=&#8221;initial&#8221; background_position=&#8221;top_left&#8221; background_repeat=&#8221;repeat&#8221; custom_margin=&#8221;0px|||&#8221; custom_padding=&#8221;0px|||&#8221; custom_button=&#8221;on&#8221; button_text_size=&#8221;17&#8243; button_text_color=&#8221;#fcbf00&#8243; button_bg_color=&#8221;#2b2c2a&#8221; button_border_color=&#8221;#2b2c2a&#8221; button_border_radius=&#8221;0&#8243; button_letter_spacing=&#8221;2&#8243; button_font=&#8221;Oswald|||on|&#8221; button_use_icon=&#8221;on&#8221; button_icon=&#8221;%%24%%&#8221; button_text_color_hover=&#8221;#2b2c2a&#8221; button_bg_color_hover=&#8221;rgba(0,0,0,0)&#8221; button_border_color_hover=&#8221;#2b2c2a&#8221; button_border_radius_hover=&#8221;0&#8243; button_letter_spacing_hover=&#8221;2&#8243;]<\/p>\n<p>Was sind die Ziele meines Verkehrsmanagementprojekts? Wie viel Zeit ben\u00f6tige ich, um es umzusetzen? Wie werde ich das Budget einhalten k\u00f6nnen? Was sind die wichtigsten Ergebnisse? Wer ist im Projektteam und welche Rolle wird jede Person bei der Erreichung dieser Ergebnisse spielen?<\/p>\n<p>Dies sind einige einfache Fragen, neben vielen unvorhersehbaren, die Sie untersuchen m\u00fcssen, bevor Sie Ihren soliden Projektplan erstellen. Sie m\u00fcssen auch alle Faktoren ber\u00fccksichtigen, die dieses Konzept ver\u00e4ndern k\u00f6nnten. Aber keine Sorge, wir sind hier, um Sie zu unterst\u00fctzen und Ihre Geschichte gemeinsam zu schreiben.<\/p>\n<p>[\/et_pb_cta][et_pb_code _builder_version=&#8221;3.0.50&#8243;][\/et_pb_code][\/et_pb_column][\/et_pb_row][\/et_pb_section][et_pb_section fb_built=&#8221;1&#8243; padding_mobile=&#8221;off&#8221; admin_label=&#8221;Section&#8221; module_id=&#8221;dotover&#8221; _builder_version=&#8221;3.0.50&#8243; background_image=&#8221;http:\/\/epsglobal.eu\/wp-content\/uploads\/2017\/05\/eps-contact-us.jpg&#8221; parallax=&#8221;on&#8221; custom_css_after=&#8221;content: %22%22;||background: url(&#8216;https:\/\/www.infiniteimagination.com.au\/business\/wp-content\/uploads\/2016\/09\/texture.png&#8217;) repeat;||top: 0;||left: 0;||bottom: 0;||right: 0;||position: absolute;||z-index: 1;||&#8221; collapsed=&#8221;on&#8221;][et_pb_row custom_padding=&#8221;3%||3%|&#8221; padding_mobile=&#8221;off&#8221; column_padding_mobile=&#8221;on&#8221; parallax_method_1=&#8221;off&#8221; parallax_method_2=&#8221;off&#8221; admin_label=&#8221;Row&#8221; custom_padding_last_edited=&#8221;on|desktop&#8221; _builder_version=&#8221;3.0.47&#8243; background_size=&#8221;initial&#8221; background_position=&#8221;top_left&#8221; background_repeat=&#8221;repeat&#8221;][et_pb_column type=&#8221;1_2&#8243; _builder_version=&#8221;3.0.47&#8243; column_padding_mobile=&#8221;on&#8221; parallax=&#8221;off&#8221; parallax_method=&#8221;off&#8221;][et_pb_cta button_url=&#8221;\/contact-us&#8221; button_text=&#8221;Contact us&#8221; use_background_color=&#8221;off&#8221; admin_label=&#8221;Start Something Today&#8221; module_id=&#8221;toptext&#8221; _builder_version=&#8221;3.0.47&#8243; header_font=&#8221;Open Sans|||on|&#8221; header_font_size=&#8221;38&#8243; header_font_size_tablet=&#8221;34&#8243; header_font_size_phone=&#8221;28&#8243; header_font_size_last_edited=&#8221;on|phone&#8221; header_text_color=&#8221;#ffffff&#8221; header_line_height=&#8221;1.2em&#8221; body_line_height=&#8221;1.5em&#8221; background_size=&#8221;initial&#8221; background_position=&#8221;top_left&#8221; background_repeat=&#8221;repeat&#8221; custom_button=&#8221;on&#8221; button_text_color=&#8221;#ffffff&#8221; button_bg_color=&#8221;rgba(0,0,0,0)&#8221; button_border_color=&#8221;#ffffff&#8221; button_border_radius=&#8221;0&#8243; button_letter_spacing=&#8221;2&#8243; button_font=&#8221;Oswald|||on|&#8221; button_use_icon=&#8221;on&#8221; button_icon=&#8221;%%24%%&#8221; button_text_color_hover=&#8221;#ffffff&#8221; button_bg_color_hover=&#8221;rgba(255,255,255,0.2)&#8221; button_border_color_hover=&#8221;rgba(255,255,255,0)&#8221; button_border_radius_hover=&#8221;0&#8243; button_letter_spacing_hover=&#8221;2&#8243; button_text_size_phone=&#8221;18&#8243; button_text_size_last_edited=&#8221;on|desktop&#8221; custom_css_main_element=&#8221;position: relative; z-index: 10;&#8221; custom_css_promo_button=&#8221;margin-top: 30px;&#8221; custom_css_promo_title=&#8221;font-weight: 800;&#8221;]<\/p>\n<h2>F\u00dcR WEITERE DETAILS<\/h2>\n<p>[\/et_pb_cta][\/et_pb_column][et_pb_column type=&rdquo;1_2&Prime; _builder_version=&rdquo;3.0.47&Prime; column_padding_mobile=&rdquo;on&rdquo; parallax=&rdquo;off&rdquo; parallax_method=&rdquo;off&rdquo;][\/et_pb_column][\/et_pb_row][\/et_pb_section][et_pb_section fb_built=&rdquo;1&Prime; background_color=&rdquo;#2b2c2a&rdquo; custom_padding=&rdquo;5px||5px|&rdquo; specialty=&rdquo;on&rdquo; parallax_1=&rdquo;off&rdquo; parallax_2=&rdquo;off&rdquo; parallax_method_1=&rdquo;off&rdquo; parallax_method_2=&rdquo;off&rdquo; admin_label=&rdquo;Section&rdquo; global_module=&rdquo;28907&Prime; collapsed=&rdquo;on&rdquo;][et_pb_column type=&rdquo;1_3&Prime; _builder_version=&rdquo;3.0.47&Prime; parallax=&rdquo;off&rdquo; parallax_method=&rdquo;off&rdquo;][et_pb_code admin_label=&rdquo;eps-footer-logo&rdquo; _builder_version=&rdquo;3.0.47&Prime; custom_css_main_element=&rdquo;border-bottom: 1px solid #444;||margin-bottom:10px!important;&rdquo; custom_css_after=&rdquo;||&rdquo;]&lt;img src=&quot;\/wp-content\/uploads\/2017\/04\/eps-global-logo-white-vector.svg&quot; width=&quot;150&quot; height=&quot;54&quot;\/&gt;[\/et_pb_code][et_pb_blurb url=&rdquo;#&rdquo; use_icon=&rdquo;on&rdquo; font_icon=&rdquo;%%122%%&rdquo; icon_color=&rdquo;#939393&Prime; icon_placement=&rdquo;left&rdquo; background_layout=&rdquo;dark&rdquo; use_icon_font_size=&rdquo;on&rdquo; icon_font_size=&rdquo;26px&rdquo; admin_label=&rdquo;Blurb&rdquo; _builder_version=&rdquo;3.0.47&Prime; body_font=&rdquo;Open Sans||||&rdquo; body_font_size=&rdquo;14px&rdquo; body_text_color=&rdquo;#a3a3a3&Prime; body_line_height=&rdquo;1.3em&rdquo; background_size=&rdquo;initial&rdquo; background_position=&rdquo;top_left&rdquo; background_repeat=&rdquo;repeat&rdquo; custom_css_main_element=&rdquo;margin-bottom:10px!important;&rdquo;]<\/p>\n<p class=\"MsoNormal\" style=\"text-align: justify; text-justify: inter-ideograph;\"><span lang=\"EN-US\">Peterdy utca 6<br \/><\/span><span lang=\"EN-US\">1071 Budapest, Hungary<\/span><\/p>\n<p>[\/et_pb_blurb][et_pb_blurb url=&#8221;mail:info@epsglobal.eu&#8221; url_new_window=&#8221;on&#8221; use_icon=&#8221;on&#8221; font_icon=&#8221;%%109%%&#8221; icon_color=&#8221;#939393&#8243; icon_placement=&#8221;left&#8221; background_layout=&#8221;dark&#8221; use_icon_font_size=&#8221;on&#8221; icon_font_size=&#8221;26px&#8221; admin_label=&#8221;Blurb&#8221; _builder_version=&#8221;3.0.47&#8243; body_font=&#8221;Open Sans||||&#8221; body_font_size=&#8221;14px&#8221; body_text_color=&#8221;#ffffff&#8221; body_line_height=&#8221;1.4em&#8221; background_size=&#8221;initial&#8221; background_position=&#8221;top_left&#8221; background_repeat=&#8221;repeat&#8221; custom_margin=&#8221;||0px|&#8221; custom_padding=&#8221;||15px|&#8221;]<\/p>\n<p><a class=\"eps-footer-link\" href=\"mailto:info@epsglobal.eu\">info@epsglobal.eu<\/a><\/p>\n<p>[\/et_pb_blurb][\/et_pb_column][et_pb_column type=&rdquo;2_3&Prime; specialty_columns=&rdquo;2&Prime; _builder_version=&rdquo;3.0.47&Prime; parallax=&rdquo;off&rdquo; parallax_method=&rdquo;off&rdquo;][et_pb_row_inner padding_mobile=&rdquo;off&rdquo; padding_top_1=&rdquo;26px&rdquo; padding_right_1=&rdquo;10px&rdquo; padding_bottom_1=&rdquo;10px&rdquo; padding_left_1=&rdquo;10px&rdquo; parallax_method_1=&rdquo;off&rdquo; parallax_method_2=&rdquo;off&rdquo; admin_label=&rdquo;Row&rdquo; _builder_version=&rdquo;3.0.47&Prime; custom_css_main_element=&rdquo;border-left:1px solid #333&Prime;][et_pb_column_inner type=&rdquo;4_4&Prime; saved_specialty_column_type=&rdquo;2_3&Prime; _builder_version=&rdquo;3.0.47&Prime; padding_bottom=&rdquo;10px&rdquo; padding_left=&rdquo;10px&rdquo; padding_right=&rdquo;10px&rdquo; padding_top=&rdquo;26px&rdquo; parallax=&rdquo;off&rdquo; parallax_method=&rdquo;off&rdquo;][et_pb_code admin_label=&rdquo;K&oacute;d&rdquo; _builder_version=&rdquo;3.0.47&Prime;]&lt;h3 class=&quot;eps-footer-w-t translation-block&quot;&gt;UNSERE DIENSTLEISTUNGEN&lt;\/h3&gt;&lt;!&ndash; [et_pb_line_break_holder] &ndash;&gt;&lt;ul class=&quot;eps-footer-menu&quot;&gt;&lt;!&ndash; [et_pb_line_break_holder] &ndash;&gt;&lt;li&gt;&lt;a href=&quot;\/de\/dienstleistungen\/smartes-parkmanagement-system\/&quot;&gt;SMART PARKING MANAGEMENT SYSTEM&lt;\/a&gt;&lt;\/li&gt;&lt;!&ndash; [et_pb_line_break_holder] &ndash;&gt;&lt;li&gt;&lt;a href=&quot;\/de\/dienstleistungen\/integrierte-parklosung\/&quot;&gt;INTEGRATED PARKING SOLUTION&lt;\/a&gt;&lt;\/li&gt;&lt;!&ndash; [et_pb_line_break_holder] &ndash;&gt;&lt;li&gt;&lt;a href=&quot;\/de\/dienstleistungen\/durchfuhrbarkeitsstudien-nachfrageprognosen-parkmanagement\/&quot;&gt;FEASIBILITY STUDIES AND DEMAND FORECASTS FOR TRAFFIC AND PARKING MANAGEMENT&lt;\/a&gt;&lt;\/li&gt;&lt;!&ndash; [et_pb_line_break_holder] &ndash;&gt;&lt;li&gt;&lt;a href=&quot;\/de\/dienstleistungen\/beratung-smart-city-projekte\/&quot;&gt;CONSULTANCY FOR SMART CITY PROJECTS&lt;\/a&gt;&lt;\/li&gt;&lt;!&ndash; [et_pb_line_break_holder] &ndash;&gt;&lt;li&gt;&lt;a href=&quot;\/de\/dienstleistungen\/umfassende-unterstutzung-neue-projekte\/&quot;&gt;COMPLETE SUPPORT FOR NEW PROJECTS&lt;\/a&gt;&lt;\/li&gt;&lt;!&ndash; [et_pb_line_break_holder] &ndash;&gt;&lt;\/ul&gt;[\/et_pb_code][\/et_pb_column_inner][\/et_pb_row_inner][\/et_pb_column][\/et_pb_section]<\/p>","protected":false},"excerpt":{"rendered":"<p>Complete Support for New ProjectsWhat are the goals of my traffic management project? How much time do I need to realize it? How will I be able to keep the budget? What are the major deliverables? Who is on the project team and what role will they play in those deliverables?What are the goals of [&hellip;]<\/p>","protected":false},"author":1,"featured_media":0,"parent":28755,"menu_order":0,"comment_status":"closed","ping_status":"closed","template":"","meta":{"_et_pb_use_builder":"on","_et_pb_old_content":"<p>Under construction<\/p>","_et_gb_content_width":"","content-type":"","_monsterinsights_skip_tracking":false,"_monsterinsights_sitenote_active":false,"_monsterinsights_sitenote_note":"","_monsterinsights_sitenote_category":0,"footnotes":""},"class_list":["post-28926","page","type-page","status-publish","hentry"],"yoast_head":"<!-- This site is optimized with the Yoast SEO plugin v26.2 - https:\/\/yoast.com\/wordpress\/plugins\/seo\/ -->\n<title>Complete Support for New Projects - EPS Global<\/title>\n<meta name=\"robots\" content=\"index, follow, max-snippet:-1, max-image-preview:large, max-video-preview:-1\" \/>\n<link rel=\"canonical\" href=\"https:\/\/epsglobal.eu\/de\/dienstleistungen\/umfassende-unterstutzung-neue-projekte\" \/>\n<meta property=\"og:locale\" content=\"de_DE\" \/>\n<meta property=\"og:type\" content=\"article\" \/>\n<meta property=\"og:title\" content=\"Complete Support for New Projects - EPS Global\" \/>\n<meta property=\"og:description\" content=\"Complete Support for New ProjectsWhat are the goals of my traffic management project? How much time do I need to realize it? How will I be able to keep the budget? What are the major deliverables? Who is on the project team and what role will they play in those deliverables?What are the goals of [&hellip;]\" \/>\n<meta property=\"og:url\" content=\"https:\/\/epsglobal.eu\/de\/dienstleistungen\/umfassende-unterstutzung-neue-projekte\" \/>\n<meta property=\"og:site_name\" content=\"EPS Global\" \/>\n<meta property=\"article:modified_time\" content=\"2017-08-10T12:33:31+00:00\" \/>\n<meta name=\"twitter:card\" content=\"summary_large_image\" \/>\n<meta name=\"twitter:label1\" content=\"Gesch\u00e4tzte Lesezeit\" \/>\n\t<meta name=\"twitter:data1\" content=\"8\u00a0Minuten\" \/>\n<script type=\"application\/ld+json\" class=\"yoast-schema-graph\">{\"@context\":\"https:\/\/schema.org\",\"@graph\":[{\"@type\":\"WebPage\",\"@id\":\"https:\/\/epsglobal.eu\/services\/complete-support-new-projects\",\"url\":\"https:\/\/epsglobal.eu\/services\/complete-support-new-projects\",\"name\":\"Complete Support for New Projects - EPS Global\",\"isPartOf\":{\"@id\":\"https:\/\/epsglobal.eu\/#website\"},\"datePublished\":\"2017-04-20T11:55:04+00:00\",\"dateModified\":\"2017-08-10T12:33:31+00:00\",\"breadcrumb\":{\"@id\":\"https:\/\/epsglobal.eu\/services\/complete-support-new-projects#breadcrumb\"},\"inLanguage\":\"de\",\"potentialAction\":[{\"@type\":\"ReadAction\",\"target\":[\"https:\/\/epsglobal.eu\/services\/complete-support-new-projects\"]}]},{\"@type\":\"BreadcrumbList\",\"@id\":\"https:\/\/epsglobal.eu\/services\/complete-support-new-projects#breadcrumb\",\"itemListElement\":[{\"@type\":\"ListItem\",\"position\":1,\"name\":\"Home\",\"item\":\"https:\/\/epsglobal.eu\/\"},{\"@type\":\"ListItem\",\"position\":2,\"name\":\"Our Services\",\"item\":\"https:\/\/epsglobal.eu\/services\"},{\"@type\":\"ListItem\",\"position\":3,\"name\":\"Complete Support for New Projects\"}]},{\"@type\":\"WebSite\",\"@id\":\"https:\/\/epsglobal.eu\/#website\",\"url\":\"https:\/\/epsglobal.eu\/\",\"name\":\"EPS Global\",\"description\":\"Innovative Smart Parking Solutions\",\"publisher\":{\"@id\":\"https:\/\/epsglobal.eu\/#organization\"},\"potentialAction\":[{\"@type\":\"SearchAction\",\"target\":{\"@type\":\"EntryPoint\",\"urlTemplate\":\"https:\/\/epsglobal.eu\/?s={search_term_string}\"},\"query-input\":{\"@type\":\"PropertyValueSpecification\",\"valueRequired\":true,\"valueName\":\"search_term_string\"}}],\"inLanguage\":\"de\"},{\"@type\":\"Organization\",\"@id\":\"https:\/\/epsglobal.eu\/#organization\",\"name\":\"EPS Global\",\"url\":\"https:\/\/epsglobal.eu\/\",\"logo\":{\"@type\":\"ImageObject\",\"inLanguage\":\"de\",\"@id\":\"https:\/\/epsglobal.eu\/#\/schema\/logo\/image\/\",\"url\":\"https:\/\/epsglobal.eu\/wp-content\/uploads\/2017\/04\/eps-global-logo-256x90-transparent.png\",\"contentUrl\":\"https:\/\/epsglobal.eu\/wp-content\/uploads\/2017\/04\/eps-global-logo-256x90-transparent.png\",\"width\":256,\"height\":90,\"caption\":\"EPS Global\"},\"image\":{\"@id\":\"https:\/\/epsglobal.eu\/#\/schema\/logo\/image\/\"},\"sameAs\":[\"https:\/\/linkedin.com\/company\/epsglobalzrt\"]}]}<\/script>\n<!-- \/ Yoast SEO plugin. -->","yoast_head_json":{"title":"Umfassende Unterst\u00fctzung f\u00fcr Neue Projekte","robots":{"index":"index","follow":"follow","max-snippet":"max-snippet:-1","max-image-preview":"max-image-preview:large","max-video-preview":"max-video-preview:-1"},"canonical":"https:\/\/epsglobal.eu\/de\/dienstleistungen\/umfassende-unterstutzung-neue-projekte","og_locale":"de_DE","og_type":"article","og_title":"Complete Support for New Projects - EPS Global","og_description":"Complete Support for New ProjectsWhat are the goals of my traffic management project? How much time do I need to realize it? How will I be able to keep the budget? What are the major deliverables? Who is on the project team and what role will they play in those deliverables?What are the goals of [&hellip;]","og_url":"https:\/\/epsglobal.eu\/de\/dienstleistungen\/umfassende-unterstutzung-neue-projekte","og_site_name":"EPS Global","article_modified_time":"2017-08-10T12:33:31+00:00","twitter_card":"summary_large_image","twitter_misc":{"Gesch\u00e4tzte Lesezeit":"8\u00a0Minuten"},"schema":{"@context":"https:\/\/schema.org","@graph":[{"@type":"WebPage","@id":"https:\/\/epsglobal.eu\/services\/complete-support-new-projects","url":"https:\/\/epsglobal.eu\/services\/complete-support-new-projects","name":"Umfassende Unterst\u00fctzung f\u00fcr Neue Projekte","isPartOf":{"@id":"https:\/\/epsglobal.eu\/#website"},"datePublished":"2017-04-20T11:55:04+00:00","dateModified":"2017-08-10T12:33:31+00:00","breadcrumb":{"@id":"https:\/\/epsglobal.eu\/services\/complete-support-new-projects#breadcrumb"},"inLanguage":"de","potentialAction":[{"@type":"ReadAction","target":["https:\/\/epsglobal.eu\/services\/complete-support-new-projects"]}]},{"@type":"BreadcrumbList","@id":"https:\/\/epsglobal.eu\/services\/complete-support-new-projects#breadcrumb","itemListElement":[{"@type":"ListItem","position":1,"name":"Home","item":"https:\/\/epsglobal.eu\/"},{"@type":"ListItem","position":2,"name":"Our Services","item":"https:\/\/epsglobal.eu\/services"},{"@type":"ListItem","position":3,"name":"Complete Support for New Projects"}]},{"@type":"WebSite","@id":"https:\/\/epsglobal.eu\/#website","url":"https:\/\/epsglobal.eu\/","name":"EPS Global","description":"Innovative Smart Parking Solutions","publisher":{"@id":"https:\/\/epsglobal.eu\/#organization"},"potentialAction":[{"@type":"SearchAction","target":{"@type":"EntryPoint","urlTemplate":"https:\/\/epsglobal.eu\/?s={search_term_string}"},"query-input":{"@type":"PropertyValueSpecification","valueRequired":true,"valueName":"search_term_string"}}],"inLanguage":"de"},{"@type":"Organization","@id":"https:\/\/epsglobal.eu\/#organization","name":"EPS Global","url":"https:\/\/epsglobal.eu\/","logo":{"@type":"ImageObject","inLanguage":"de","@id":"https:\/\/epsglobal.eu\/#\/schema\/logo\/image\/","url":"https:\/\/epsglobal.eu\/wp-content\/uploads\/2017\/04\/eps-global-logo-256x90-transparent.png","contentUrl":"https:\/\/epsglobal.eu\/wp-content\/uploads\/2017\/04\/eps-global-logo-256x90-transparent.png","width":256,"height":90,"caption":"EPS Global"},"image":{"@id":"https:\/\/epsglobal.eu\/#\/schema\/logo\/image\/"},"sameAs":["https:\/\/linkedin.com\/company\/epsglobalzrt"]}]}},"_links":{"self":[{"href":"https:\/\/epsglobal.eu\/de\/wp-json\/wp\/v2\/pages\/28926","targetHints":{"allow":["GET"]}}],"collection":[{"href":"https:\/\/epsglobal.eu\/de\/wp-json\/wp\/v2\/pages"}],"about":[{"href":"https:\/\/epsglobal.eu\/de\/wp-json\/wp\/v2\/types\/page"}],"author":[{"embeddable":true,"href":"https:\/\/epsglobal.eu\/de\/wp-json\/wp\/v2\/users\/1"}],"replies":[{"embeddable":true,"href":"https:\/\/epsglobal.eu\/de\/wp-json\/wp\/v2\/comments?post=28926"}],"version-history":[{"count":6,"href":"https:\/\/epsglobal.eu\/de\/wp-json\/wp\/v2\/pages\/28926\/revisions"}],"predecessor-version":[{"id":29281,"href":"https:\/\/epsglobal.eu\/de\/wp-json\/wp\/v2\/pages\/28926\/revisions\/29281"}],"up":[{"embeddable":true,"href":"https:\/\/epsglobal.eu\/de\/wp-json\/wp\/v2\/pages\/28755"}],"wp:attachment":[{"href":"https:\/\/epsglobal.eu\/de\/wp-json\/wp\/v2\/media?parent=28926"}],"curies":[{"name":"wp","href":"https:\/\/api.w.org\/{rel}","templated":true}]}}